{"id":3,"date":"2022-12-20T14:35:22","date_gmt":"2022-12-20T14:35:22","guid":{"rendered":"http:\/\/xclusifenergie.com\/?page_id=3"},"modified":"2023-01-05T17:21:12","modified_gmt":"2023-01-05T17:21:12","slug":"politique-de-oonfidentialite","status":"publish","type":"page","link":"https:\/\/xclusifenergie.com\/index.php\/politique-de-oonfidentialite\/","title":{"rendered":"Politique de Confidentialit\u00e9"},"content":{"rendered":"\t\t<div data-elementor-type=\"wp-page\" data-elementor-id=\"3\" class=\"elementor elementor-3\">\n\t\t\t\t\t\t\t\t\t<section class=\"elementor-section elementor-top-section elementor-element elementor-element-b55e7bc elementor-section-boxed elementor-section-height-default elementor-section-height-default\" data-id=\"b55e7bc\" data-element_type=\"section\" data-settings=\"{&quot;jet_parallax_layout_list&quot;:[]}\">\n\t\t\t\t\t\t<div class=\"elementor-container elementor-column-gap-default\">\n\t\t\t\t\t<div class=\"elementor-column elementor-col-100 elementor-top-column elementor-element elementor-element-b693e15\" data-id=\"b693e15\" data-element_type=\"column\">\n\t\t\t<div class=\"elementor-widget-wrap elementor-element-populated\">\n\t\t\t\t\t\t\t\t<div class=\"elementor-element elementor-element-66af481 elementor-widget elementor-widget-button\" data-id=\"66af481\" data-element_type=\"widget\" data-widget_type=\"button.default\">\n\t\t\t\t<div class=\"elementor-widget-container\">\n\t\t\t\t\t<div class=\"elementor-button-wrapper\">\n\t\t\t<a href=\"#\" class=\"elementor-button-link elementor-button elementor-size-xs\" role=\"button\">\n\t\t\t\t\t\t<span class=\"elementor-button-content-wrapper\">\n\t\t\t\t\t\t<span class=\"elementor-button-text\">Utilisation<\/span>\n\t\t<\/span>\n\t\t\t\t\t<\/a>\n\t\t<\/div>\n\t\t\t\t<\/div>\n\t\t\t\t<\/div>\n\t\t\t\t<div class=\"elementor-element elementor-element-a111f7b elementor-widget elementor-widget-heading\" data-id=\"a111f7b\" data-element_type=\"widget\" data-widget_type=\"heading.default\">\n\t\t\t\t<div class=\"elementor-widget-container\">\n\t\t\t<style>\/*! elementor - v3.9.2 - 21-12-2022 *\/\n.elementor-heading-title{padding:0;margin:0;line-height:1}.elementor-widget-heading .elementor-heading-title[class*=elementor-size-]>a{color:inherit;font-size:inherit;line-height:inherit}.elementor-widget-heading .elementor-heading-title.elementor-size-small{font-size:15px}.elementor-widget-heading .elementor-heading-title.elementor-size-medium{font-size:19px}.elementor-widget-heading .elementor-heading-title.elementor-size-large{font-size:29px}.elementor-widget-heading .elementor-heading-title.elementor-size-xl{font-size:39px}.elementor-widget-heading .elementor-heading-title.elementor-size-xxl{font-size:59px}<\/style><h2 class=\"elementor-heading-title elementor-size-default\">Politique de Confidentialit\u00e9<\/h2>\t\t<\/div>\n\t\t\t\t<\/div>\n\t\t\t\t<div class=\"elementor-element elementor-element-92fe28c elementor-widget elementor-widget-text-editor\" data-id=\"92fe28c\" data-element_type=\"widget\" data-widget_type=\"text-editor.default\">\n\t\t\t\t<div class=\"elementor-widget-container\">\n\t\t\t<style>\/*! elementor - v3.9.2 - 21-12-2022 *\/\n.elementor-widget-text-editor.elementor-drop-cap-view-stacked .elementor-drop-cap{background-color:#818a91;color:#fff}.elementor-widget-text-editor.elementor-drop-cap-view-framed .elementor-drop-cap{color:#818a91;border:3px solid;background-color:transparent}.elementor-widget-text-editor:not(.elementor-drop-cap-view-default) .elementor-drop-cap{margin-top:8px}.elementor-widget-text-editor:not(.elementor-drop-cap-view-default) .elementor-drop-cap-letter{width:1em;height:1em}.elementor-widget-text-editor .elementor-drop-cap{float:left;text-align:center;line-height:1;font-size:50px}.elementor-widget-text-editor .elementor-drop-cap-letter{display:inline-block}<\/style>\t\t\t\t<p><b>Politique de confidentialit\u00e9&nbsp;:<\/b><\/p>\n<ul>\n<li><b>Donn\u00e9es collect\u00e9es via le formulaire de contact&nbsp;:<\/b><\/li>\n<\/ul>\n<p><a href=\"http:\/\/www.xclusifenergie.com\/\">www.xclusifenergie.com<\/a>&nbsp;s\u2019engage \u00e0 respecter la vie priv\u00e9e des utilisateurs de ses services. Toutes les informations \u00e0 caract\u00e8re personnel sont collect\u00e9es avec le consentement, seront utilis\u00e9es de mani\u00e8re responsable et ce conform\u00e9ment au R\u00e8glement sur la Protection des donn\u00e9es personnelles (RGPD).<\/p>\n<p>L\u2019acc\u00e8s \u00e0 certains services du site peut n\u00e9cessiter la communication par l\u2019utilisateur de certaines donn\u00e9es \u00e0 caract\u00e8re personnel.<\/p>\n<p>Les donn\u00e9es collect\u00e9es sont&nbsp;celles fournies lors du remplissage du formulaire pour solliciter un service : pr\u00e9noms, nom, num\u00e9ro t\u00e9l\u00e9phone, e-mail. Elles permettent de v\u00e9rifier l\u2019\u00e9ligibilit\u00e9 du Client au dispositif d\u2019aide lui permettant de b\u00e9n\u00e9ficier des prestations propos\u00e9es par le propri\u00e9taire du site.<\/p>\n<p>Ces informations sont donc utilis\u00e9es dans le seul but de fournir \u00e0 l\u2019utilisateur des r\u00e9ponses personnalis\u00e9es adapt\u00e9es \u00e0 sa situation.<\/p>\n<p>L\u2019utilisateur qui sollicite un service accepte conform\u00e9ment \u00e0 notre pr\u00e9sente politique, que ses donn\u00e9es soient transmises au professionnels partenaires de <b>XCLUSIF ENERGIE<\/b>&nbsp;susceptible d\u2019intervenir directement ou indirectement dans la prise en charge des demandes de l\u2019utilisateur.<\/p>\n<p><b>MENTIONS LEGALES<\/b><\/p>\n<ul>\n<li style=\"font-weight: 400;\" aria-level=\"1\"><b>Exploitant du site&nbsp;:<\/b><\/li>\n<\/ul>\n<p><span style=\"font-weight: 400;\"><a href=\"http:\/\/www.xclusifenergie.com\/\">www.xclusifenergie.com<\/a> <\/span><span style=\"font-weight: 400;\">est exploit\u00e9 par&nbsp;:<\/span><\/p>\n<p>ISOLATION GRAND EST SARL AU CAPITAL DE 10 000\u20ac &#8211; <span style=\"font-weight: 400;\">&nbsp;enregistr\u00e9 au RCS de<\/span>&nbsp;SARREGUEMINES B 845153360<\/p>\n<p>51 RUE BUNSEN 57600 FOLKLING<\/p>\n<p><a href=\"mailto:contact@xclusifenergie.com\">contact@xclusifenergie.com<\/a><\/p>\n<ul>\n<li style=\"font-weight: 400;\" aria-level=\"1\"><b>Identit\u00e9 de l\u2019h\u00e9bergeur&nbsp;:<\/b><\/li>\n<\/ul>\n<p><span style=\"font-weight: 400;\">Ce pr\u00e9sent site est h\u00e9berg\u00e9 par HOSTINGER<\/span><span style=\"font-weight: 400;\">.<\/span><\/p>\n<ul>\n<li style=\"font-weight: 400;\" aria-level=\"1\"><b>Conditions d\u2019utilisation du Service<\/b><\/li>\n<\/ul>\n<p><a href=\"http:\/\/www.xclusifenergie.com\/\">www.xclusifenergie.com<\/a> <span style=\"font-weight: 400;\">est un site un outil technique au sens de la loi pour la confiance en l\u2019\u00e9conomie num\u00e9rique du 21 juin 2004.<\/span><\/p>\n<p><span style=\"font-weight: 400;\">L\u2019utilisateur d\u00e9clare par les pr\u00e9sentes avoir pr\u00e9alablement re\u00e7u toutes les informations n\u00e9cessaires \u00e0 l\u2019utilisation du service et \u00e0 l\u2019appr\u00e9ciation de la conformit\u00e9 des prestations \u00e0 ses besoins. Il renonce en cons\u00e9quence \u00e0 toute contestation relative \u00e0 l\u2019utilisation de cet outil informatique et des prestations qui y sont propos\u00e9es.<\/span><\/p>\n<p><span style=\"font-weight: 400;\">Tout utilisateur des services de ce site internet s\u2019engage express\u00e9ment avoir lu et accept\u00e9 ces pr\u00e9sentes mentions ainsi que toutes autres conditions d\u2019utilisation du site et de ses services.<\/span><\/p>\n<p><span style=\"font-weight: 400;\">\u00c0 travers ces pr\u00e9cisions, le propri\u00e9taire du site n\u2019entend entretenir aucune confusion, et d\u00e9gage toute responsabilit\u00e9 relative \u00e0 l\u2019interpr\u00e9tation subjective que les utilisateurs ou visiteurs de ce site r\u00e9servent aux pr\u00e9sentes mentions.<\/span><\/p>\n<p><span style=\"font-weight: 400;\">Enfin, <\/span><b><i>XCLUSIF<\/i><\/b><span style=\"font-weight: 400;\">&nbsp; se r\u00e9servent le droit d\u2019apporter des modifications \u00e0 ces pr\u00e9sentes mentions l\u00e9gales que les utilisateurs et visiteurs du site s\u2019engagent \u00e0 respecter.<\/span><\/p>\n<ul>\n<li style=\"font-weight: 400;\" aria-level=\"1\"><b>Accessibilit\u00e9&nbsp;:<\/b><\/li>\n<\/ul>\n<p><span style=\"font-weight: 400;\">Le site est par principe accessible aux utilisateurs 24\/24h et 7\/7j sauf interruption programm\u00e9e ou non, pour des besoins de maintenance ou en cas de force majeure.<\/span><\/p>\n<p><span style=\"font-weight: 400;\">Certaines options en plus seront accessibles en contrepartie d\u2019un prix d\u00e9fini entre l\u2019Avocat et l\u2019utilisateur.<\/span><\/p>\n<p><span style=\"font-weight: 400;\">En cas d\u2019indisponibilit\u00e9 d\u2019acc\u00e8s au site, celui-ci s\u2019engage \u00e0 faire son maximum afin d\u2019en r\u00e9tablir l\u2019acc\u00e8s. Le site ne saurait \u00eatre tenu pour responsable de tout dommage, quelle qu\u2019en soit la nature, r\u00e9sultant de son indisponibilit\u00e9.<\/span><\/p>\n<ul>\n<li style=\"font-weight: 400;\" aria-level=\"1\"><b>Rappel de propri\u00e9t\u00e9 du site&nbsp;:<\/b><\/li>\n<\/ul>\n<p><span style=\"font-weight: 400;\">Les \u00e9l\u00e9ments du site internet <a href=\"http:\/\/www.xclusifenergie.com\/\">www.xclusifenergie.com<\/a>&nbsp;<\/span><span style=\"font-weight: 400;\">sont prot\u00e9g\u00e9s par le droit d\u2019auteur. En effet, les syst\u00e8mes, logiciels, structures, infrastructures, bases de donn\u00e9es et contenus de toute nature dont les textes, images, visuels, musiques, logos, marques, base de donn\u00e9es, etc\u2026) exploit\u00e9s par le propri\u00e9taire au sein du site sont prot\u00e9g\u00e9s par tous droits de propri\u00e9t\u00e9 intellectuelle ou droits des producteurs de bases de donn\u00e9es en vigueur, et pour le monde entier.<\/span><\/p>\n<p><span style=\"font-weight: 400;\">En cons\u00e9quence toute repr\u00e9sentation totale ou partielle de l\u2019un quelconque des \u00e9l\u00e9ments est soumise \u00e0 l\u2019autorisation expresse pr\u00e9alable du propri\u00e9taire et exploitant du site internet \u00e0 savoir la soci\u00e9t\u00e9&nbsp;&nbsp;<\/span><b><i>XCLUSIF<\/i><\/b><span style=\"font-weight: 400;\">. Tous actes de reproduction, repr\u00e9sentation, diffusion et utilisation de l\u2019un quelconque de ces \u00e9l\u00e9ments, en tout ou partie, sans l\u2019autorisation des propri\u00e9taires sont strictement interdits et pourront faire l\u2019objet de poursuites judiciaires.<\/span><\/p>\n<ul>\n<li style=\"font-weight: 400;\" aria-level=\"1\"><b>Liens externes et liens entrant du site&nbsp;:<\/b><\/li>\n<\/ul>\n<p><span style=\"font-weight: 400;\">Les sites web directement ou indirectement li\u00e9s au site <a href=\"http:\/\/www.xclusifenergie.com\/\">www.xclusifenergie.com<\/a>&nbsp;<\/span><span style=\"font-weight: 400;\">par des liens entrants ou sortants ne sont pas sous le contr\u00f4le du propri\u00e9taire exploitant du pr\u00e9sent site internet. Par cons\u00e9quent, la responsabilit\u00e9 de l\u2019exploitant du site ne peut \u00eatre engag\u00e9e aussi bien pour le contenu que pour l\u2019interpr\u00e9tation qui est faite sur ces sites.<\/span><\/p>\n<ul>\n<li style=\"font-weight: 400;\" aria-level=\"1\"><b>Droit applicable&nbsp;:<\/b><\/li>\n<\/ul>\n<p><span style=\"font-weight: 400;\">Tout litige relevant de l\u2019exploitation de ce site web est soumis \u00e0 l\u2019application du droit fran\u00e7ais et rel\u00e8ve des juridictions fran\u00e7aises.<\/span><\/p>\n<p>Le directeur de publication du site internet est Madame&nbsp;<span style=\"font-weight: bolder;\">Amina Daoud<\/span>, G\u00e9rante de la soci\u00e9t\u00e9&nbsp;<span style=\"font-weight: bolder;\">Coco Consulting<\/span>.<span style=\"font-weight: 400;\"><br><\/span><\/p>\n<p><b>Politique de Cookies :<\/b><\/p>\n<p>Le site <span style=\"font-weight: 400;\"><a href=\"http:\/\/www.xclusifenergie.com\/\">www.xclusifenergie.com<\/a><\/span>&nbsp;a recours aux techniques de \u00ab&nbsp;cookies&nbsp;\u00bb lui permettant de traiter des statistiques et des informations sur le trafic, de faciliter la navigation et d\u2019am\u00e9liorer le service pour le confort de l\u2019utilisateur.<\/p>\n<p>Toutes ces informations utilis\u00e9es dans le seul but de mieux accompagner l\u2019utilisateur peuvent \u00e0 tout moment \u00eatre modifi\u00e9es.<\/p>\n<p>Vous pouvez avoir la ma\u00eetrise de l\u2019utilisation qui sera faite de vos donn\u00e9es en choisissant de ne plus recevoir d\u2019informations y aff\u00e9rents, de les modifier ou d\u2019en demander leur suppression. Pour cela, vous avez la libert\u00e9 de nous contacter par courriel \u00e0 l\u2019aune des dispositions r\u00e9gies par la loi Informatique et Libert\u00e9 du 06\/01\/1978. Ce texte vous donne un droit d\u2019acc\u00e8s, de modification, rectification et de suppression de toutes informations vous concernant.<\/p>\n<p>Pour toutes questions relatives \u00e0 notre politique de protection des donn\u00e9es, la finalit\u00e9 d\u2019une donn\u00e9e particuli\u00e8re, l\u2019acc\u00e8s, la modification et l\u2019effacement de vos donn\u00e9es vous pouvez nous \u00e9crire \u00e0 l\u2019adresse&nbsp;:&nbsp;<a href=\"mailto:protectiondesdonnees@xclusifenergie.com\"><span style=\"font-weight: 400;\">contact@xclusifenergie<\/span><span style=\"font-weight: 400;\">.com<\/span><\/a>&nbsp;<\/p>\t\t\t\t\t\t<\/div>\n\t\t\t\t<\/div>\n\t\t\t\t\t<\/div>\n\t\t<\/div>\n\t\t\t\t\t\t\t<\/div>\n\t\t<\/section>\n\t\t\t\t\t\t\t<\/div>\n\t\t","protected":false},"excerpt":{"rendered":"<p>Utilisation Politique de confidentialit\u00e9&nbsp;: Donn\u00e9es collect\u00e9es via le formulaire de contact&nbsp;: www.xclusifenergie.com&nbsp;s\u2019engage \u00e0 respecter la vie priv\u00e9e des utilisateurs de ses services. Toutes les informations \u00e0 caract\u00e8re personnel sont collect\u00e9es avec le consentement, seront utilis\u00e9es de mani\u00e8re responsable et ce conform\u00e9ment au R\u00e8glement sur la Protection des donn\u00e9es personnelles (RGPD). L\u2019acc\u00e8s \u00e0 certains services du [&hellip;]<\/p>\n","protected":false},"author":1,"featured_media":0,"parent":0,"menu_order":0,"comment_status":"closed","ping_status":"closed","template":"","meta":[],"_links":{"self":[{"href":"https:\/\/xclusifenergie.com\/index.php\/wp-json\/wp\/v2\/pages\/3"}],"collection":[{"href":"https:\/\/xclusifenergie.com\/index.php\/wp-json\/wp\/v2\/pages"}],"about":[{"href":"https:\/\/xclusifenergie.com\/index.php\/wp-json\/wp\/v2\/types\/page"}],"author":[{"embeddable":true,"href":"https:\/\/xclusifenergie.com\/index.php\/wp-json\/wp\/v2\/users\/1"}],"replies":[{"embeddable":true,"href":"https:\/\/xclusifenergie.com\/index.php\/wp-json\/wp\/v2\/comments?post=3"}],"version-history":[{"count":18,"href":"https:\/\/xclusifenergie.com\/index.php\/wp-json\/wp\/v2\/pages\/3\/revisions"}],"predecessor-version":[{"id":1086,"href":"https:\/\/xclusifenergie.com\/index.php\/wp-json\/wp\/v2\/pages\/3\/revisions\/1086"}],"wp:attachment":[{"href":"https:\/\/xclusifenergie.com\/index.php\/wp-json\/wp\/v2\/media?parent=3"}],"curies":[{"name":"wp","href":"https:\/\/api.w.org\/{rel}","templated":true}]}}